{"id":813,"date":"2024-07-24T12:24:35","date_gmt":"2024-07-24T10:24:35","guid":{"rendered":"https:\/\/atelier-chubo.com\/?page_id=813"},"modified":"2025-09-19T18:27:25","modified_gmt":"2025-09-19T16:27:25","slug":"about","status":"publish","type":"page","link":"https:\/\/atelier-chubo.com\/index.php\/homepage\/about\/","title":{"rendered":"A propos"},"content":{"rendered":"\t\t<div data-elementor-type=\"wp-page\" data-elementor-id=\"813\" class=\"elementor elementor-813\" data-elementor-post-type=\"page\">\n\t\t\t\t<div class=\"elementor-element elementor-element-f46067e e-flex e-con-boxed e-con e-parent\" data-id=\"f46067e\" data-element_type=\"container\" data-settings=\"{&quot;background_background&quot;:&quot;slideshow&quot;,&quot;background_slideshow_gallery&quot;:[{&quot;id&quot;:825,&quot;url&quot;:&quot;http:\\\/\\\/atelier-chubo.com\\\/wp-content\\\/uploads\\\/2024\\\/07\\\/Photo_Couverture_Apropos_B.png&quot;}],&quot;background_slideshow_slide_duration&quot;:5000,&quot;background_slideshow_slide_transition&quot;:&quot;fade&quot;,&quot;background_slideshow_transition_duration&quot;:500}\">\n\t\t\t\t\t<div class=\"e-con-inner\">\n\t\t\t\t<div class=\"elementor-element elementor-element-f2867b9 elementor-widget elementor-widget-heading\" data-id=\"f2867b9\" data-element_type=\"widget\" data-widget_type=\"heading.default\">\n\t\t\t\t<div class=\"elementor-widget-container\">\n\t\t\t\t\t<h2 class=\"elementor-heading-title elementor-size-default\">\u00e0 PROPOS<\/h2>\t\t\t\t<\/div>\n\t\t\t\t<\/div>\n\t\t\t\t\t<\/div>\n\t\t\t\t<\/div>\n\t\t<div class=\"elementor-element elementor-element-ff045b4 e-flex e-con-boxed e-con e-parent\" data-id=\"ff045b4\" data-element_type=\"container\">\n\t\t\t\t\t<div class=\"e-con-inner\">\n\t\t\t\t<div class=\"elementor-element elementor-element-b101d9b elementor-widget elementor-widget-spacer\" data-id=\"b101d9b\" data-element_type=\"widget\" data-widget_type=\"spacer.default\">\n\t\t\t\t<div class=\"elementor-widget-container\">\n\t\t\t\t\t\t\t<div class=\"elementor-spacer\">\n\t\t\t<div class=\"elementor-spacer-inner\"><\/div>\n\t\t<\/div>\n\t\t\t\t\t\t<\/div>\n\t\t\t\t<\/div>\n\t\t\t\t\t<\/div>\n\t\t\t\t<\/div>\n\t\t<div class=\"elementor-element elementor-element-ff8f87b e-flex e-con-boxed e-con e-parent\" data-id=\"ff8f87b\" data-element_type=\"container\">\n\t\t\t\t\t<div class=\"e-con-inner\">\n\t\t\t\t<div class=\"elementor-element elementor-element-6e86100 elementor-widget elementor-widget-heading\" data-id=\"6e86100\" data-element_type=\"widget\" data-widget_type=\"heading.default\">\n\t\t\t\t<div class=\"elementor-widget-container\">\n\t\t\t\t\t<h2 class=\"elementor-heading-title elementor-size-default\">ATELIER CH\u016aB\u014c, <br>C'EST AUSSI L'HISTOIRE D'UN CHEF<\/h2>\t\t\t\t<\/div>\n\t\t\t\t<\/div>\n\t\t\t\t<div class=\"elementor-element elementor-element-7a51fbd elementor-widget__width-initial elementor-widget-tablet__width-inherit elementor-widget elementor-widget-heading\" data-id=\"7a51fbd\" data-element_type=\"widget\" data-widget_type=\"heading.default\">\n\t\t\t\t<div class=\"elementor-widget-container\">\n\t\t\t\t\t<h2 class=\"elementor-heading-title elementor-size-default\">Kosuke KATAGI<\/h2>\t\t\t\t<\/div>\n\t\t\t\t<\/div>\n\t\t\t\t<div class=\"elementor-element elementor-element-c74c85a elementor-widget__width-initial elementor-widget-tablet__width-inherit elementor-widget elementor-widget-heading\" data-id=\"c74c85a\" data-element_type=\"widget\" data-widget_type=\"heading.default\">\n\t\t\t\t<div class=\"elementor-widget-container\">\n\t\t\t\t\t<h2 class=\"elementor-heading-title elementor-size-default\">Kosuke KATAGI, le chef et cr\u00e9ateur d\u2019Atelier Ch\u016bb\u014d, est un passionn\u00e9 de cuisine\ndepuis son enfance.<\/h2>\t\t\t\t<\/div>\n\t\t\t\t<\/div>\n\t\t\t\t\t<\/div>\n\t\t\t\t<\/div>\n\t\t<div class=\"elementor-element elementor-element-82b61e4 e-flex e-con-boxed e-con e-parent\" data-id=\"82b61e4\" data-element_type=\"container\">\n\t\t\t\t\t<div class=\"e-con-inner\">\n\t\t\t\t<div class=\"elementor-element elementor-element-e524d06 elementor-widget elementor-widget-spacer\" data-id=\"e524d06\" data-element_type=\"widget\" data-widget_type=\"spacer.default\">\n\t\t\t\t<div class=\"elementor-widget-container\">\n\t\t\t\t\t\t\t<div class=\"elementor-spacer\">\n\t\t\t<div class=\"elementor-spacer-inner\"><\/div>\n\t\t<\/div>\n\t\t\t\t\t\t<\/div>\n\t\t\t\t<\/div>\n\t\t\t\t\t<\/div>\n\t\t\t\t<\/div>\n\t\t<div class=\"elementor-element elementor-element-e41db63 e-flex e-con-boxed e-con e-parent\" data-id=\"e41db63\" data-element_type=\"container\">\n\t\t\t\t\t<div class=\"e-con-inner\">\n\t\t<div class=\"elementor-element elementor-element-93b2b4d e-con-full e-flex e-con e-child\" data-id=\"93b2b4d\" data-element_type=\"container\">\n\t\t\t\t<div class=\"elementor-element elementor-element-72facc0 elementor-widget__width-initial elementor-widget elementor-widget-image\" data-id=\"72facc0\" data-element_type=\"widget\" data-widget_type=\"image.default\">\n\t\t\t\t<div class=\"elementor-widget-container\">\n\t\t\t\t\t\t\t\t\t\t\t\t\t\t\t<img fetchpriority=\"high\" decoding=\"async\" width=\"625\" height=\"750\" src=\"https:\/\/atelier-chubo.com\/wp-content\/uploads\/2024\/07\/Photo_portrait_Kosuke_B.png\" class=\"attachment-full size-full wp-image-826\" alt=\"\" srcset=\"https:\/\/atelier-chubo.com\/wp-content\/uploads\/2024\/07\/Photo_portrait_Kosuke_B.png 625w, https:\/\/atelier-chubo.com\/wp-content\/uploads\/2024\/07\/Photo_portrait_Kosuke_B-250x300.png 250w\" sizes=\"(max-width: 625px) 100vw, 625px\" \/>\t\t\t\t\t\t\t\t\t\t\t\t\t\t\t<\/div>\n\t\t\t\t<\/div>\n\t\t\t\t<\/div>\n\t\t<div class=\"elementor-element elementor-element-2639938 e-con-full e-flex e-con e-child\" data-id=\"2639938\" data-element_type=\"container\">\n\t\t\t\t<div class=\"elementor-element elementor-element-6a3dd27 elementor-widget elementor-widget-text-editor\" data-id=\"6a3dd27\" data-element_type=\"widget\" data-widget_type=\"text-editor.default\">\n\t\t\t\t<div class=\"elementor-widget-container\">\n\t\t\t\t\t\t\t\t\t<p class=\"p1\">Apr\u00e8s avoir suivi des \u00e9tudes de design produit, il d\u00e9cide de se consacrer \u00e0 la cuisine. Riche de son exp\u00e9rience en tant que designer, cela lui permet de continuer sans cesse d&#8217;exp\u00e9rimenter et de se r\u00e9inventer au niveau des go\u00fbts et des saveurs.<\/p>\n<p>La cuisine lui a toujours permis d\u2019exprimer sa cr\u00e9ativit\u00e9 autour de valeurs importantes telles que le partage, la g\u00e9n\u00e9rosit\u00e9 et la d\u00e9couverte.<\/p>\n<p>Originaire d\u2019Osaka au Japon, la ville consid\u00e9r\u00e9e comme \u201cla cuisine du Japon\u201d, l\u2019exigence du go\u00fbt et la gourmandise ont toujours \u00e9t\u00e9 une \u00e9vidence pour lui.<\/p>\n<p>Il a cuisin\u00e9 aupr\u00e8s de chefs Japonais \u00e0 Lyon, notamment Seisaku Miyamoto, puis a eu l\u2019occasion de se former quelques mois durant aupr\u00e8s de Laurent Azoulay en provence.<\/p>\n<p>\u00c9galement sp\u00e9cialis\u00e9 en cuisine \u00e9v\u00e9nementielle depuis plus de 5 ans, Kosuke sait relever les d\u00e9fis exigeants que ce type de mission repr\u00e9sente.<\/p>\n<p>Il est de temps \u00e0 autre accompagn\u00e9 par des chefs talentueux&nbsp;qui l&#8217;accompagnent en fonction des projets.<\/p>\t\t\t\t\t\t\t\t<\/div>\n\t\t\t\t<\/div>\n\t\t\t\t<\/div>\n\t\t\t\t\t<\/div>\n\t\t\t\t<\/div>\n\t\t<div class=\"elementor-element elementor-element-4d0d96c e-flex e-con-boxed e-con e-parent\" data-id=\"4d0d96c\" data-element_type=\"container\">\n\t\t\t\t\t<div class=\"e-con-inner\">\n\t\t\t\t<div class=\"elementor-element elementor-element-d75ef6c elementor-widget elementor-widget-spacer\" data-id=\"d75ef6c\" data-element_type=\"widget\" data-widget_type=\"spacer.default\">\n\t\t\t\t<div class=\"elementor-widget-container\">\n\t\t\t\t\t\t\t<div class=\"elementor-spacer\">\n\t\t\t<div class=\"elementor-spacer-inner\"><\/div>\n\t\t<\/div>\n\t\t\t\t\t\t<\/div>\n\t\t\t\t<\/div>\n\t\t\t\t\t<\/div>\n\t\t\t\t<\/div>\n\t\t<div class=\"elementor-element elementor-element-eb4a093 e-flex e-con-boxed e-con e-parent\" data-id=\"eb4a093\" data-element_type=\"container\">\n\t\t\t\t\t<div class=\"e-con-inner\">\n\t\t\t\t<div class=\"elementor-element elementor-element-de7d5a3 elementor-widget elementor-widget-heading\" data-id=\"de7d5a3\" data-element_type=\"widget\" data-widget_type=\"heading.default\">\n\t\t\t\t<div class=\"elementor-widget-container\">\n\t\t\t\t\t<h2 class=\"elementor-heading-title elementor-size-default\">MEDIA ET LIVRES<\/h2>\t\t\t\t<\/div>\n\t\t\t\t<\/div>\n\t\t\t\t<div class=\"elementor-element elementor-element-4af298f elementor-widget__width-initial elementor-widget-tablet__width-inherit elementor-widget elementor-widget-heading\" data-id=\"4af298f\" data-element_type=\"widget\" data-widget_type=\"heading.default\">\n\t\t\t\t<div class=\"elementor-widget-container\">\n\t\t\t\t\t<h2 class=\"elementor-heading-title elementor-size-default\">Apparition dans les m\u00e9dias et livres de cuisine<\/h2>\t\t\t\t<\/div>\n\t\t\t\t<\/div>\n\t\t\t\t\t<\/div>\n\t\t\t\t<\/div>\n\t\t<div class=\"elementor-element elementor-element-9daed8a e-flex e-con-boxed e-con e-parent\" data-id=\"9daed8a\" data-element_type=\"container\">\n\t\t\t\t\t<div class=\"e-con-inner\">\n\t\t\t\t<div class=\"elementor-element elementor-element-0a2df8a elementor-widget elementor-widget-spacer\" data-id=\"0a2df8a\" data-element_type=\"widget\" data-widget_type=\"spacer.default\">\n\t\t\t\t<div class=\"elementor-widget-container\">\n\t\t\t\t\t\t\t<div class=\"elementor-spacer\">\n\t\t\t<div class=\"elementor-spacer-inner\"><\/div>\n\t\t<\/div>\n\t\t\t\t\t\t<\/div>\n\t\t\t\t<\/div>\n\t\t\t\t\t<\/div>\n\t\t\t\t<\/div>\n\t\t<div class=\"elementor-element elementor-element-041a632 e-flex e-con-boxed e-con e-parent\" data-id=\"041a632\" data-element_type=\"container\">\n\t\t\t\t\t<div class=\"e-con-inner\">\n\t\t<div class=\"elementor-element elementor-element-232e40d e-con-full e-flex e-con e-child\" data-id=\"232e40d\" data-element_type=\"container\">\n\t\t\t\t<div class=\"elementor-element elementor-element-e198519 elementor-widget elementor-widget-image\" data-id=\"e198519\" data-element_type=\"widget\" data-widget_type=\"image.default\">\n\t\t\t\t<div class=\"elementor-widget-container\">\n\t\t\t\t\t\t\t\t\t\t\t\t\t\t\t<img decoding=\"async\" width=\"300\" height=\"274\" src=\"https:\/\/atelier-chubo.com\/wp-content\/uploads\/2024\/07\/Logo_tres_tres_bon_B-300x274.png\" class=\"attachment-medium size-medium wp-image-832\" alt=\"\" srcset=\"https:\/\/atelier-chubo.com\/wp-content\/uploads\/2024\/07\/Logo_tres_tres_bon_B-300x274.png 300w, https:\/\/atelier-chubo.com\/wp-content\/uploads\/2024\/07\/Logo_tres_tres_bon_B-768x702.png 768w, https:\/\/atelier-chubo.com\/wp-content\/uploads\/2024\/07\/Logo_tres_tres_bon_B.png 800w\" sizes=\"(max-width: 300px) 100vw, 300px\" \/>\t\t\t\t\t\t\t\t\t\t\t\t\t\t\t<\/div>\n\t\t\t\t<\/div>\n\t\t\t\t<\/div>\n\t\t<div class=\"elementor-element elementor-element-f14c95a e-con-full e-flex e-con e-child\" data-id=\"f14c95a\" data-element_type=\"container\">\n\t\t\t\t<div class=\"elementor-element elementor-element-24762de elementor-widget elementor-widget-image\" data-id=\"24762de\" data-element_type=\"widget\" data-widget_type=\"image.default\">\n\t\t\t\t<div class=\"elementor-widget-container\">\n\t\t\t\t\t\t\t\t\t\t\t\t\t\t\t<img decoding=\"async\" width=\"800\" height=\"533\" src=\"https:\/\/atelier-chubo.com\/wp-content\/uploads\/2024\/07\/Photo-livre-cuisine-laure-kie-site-1024x682.jpg\" class=\"attachment-large size-large wp-image-830\" alt=\"\" srcset=\"https:\/\/atelier-chubo.com\/wp-content\/uploads\/2024\/07\/Photo-livre-cuisine-laure-kie-site-1024x682.jpg 1024w, https:\/\/atelier-chubo.com\/wp-content\/uploads\/2024\/07\/Photo-livre-cuisine-laure-kie-site-300x200.jpg 300w, https:\/\/atelier-chubo.com\/wp-content\/uploads\/2024\/07\/Photo-livre-cuisine-laure-kie-site-768x512.jpg 768w, https:\/\/atelier-chubo.com\/wp-content\/uploads\/2024\/07\/Photo-livre-cuisine-laure-kie-site-1536x1024.jpg 1536w, https:\/\/atelier-chubo.com\/wp-content\/uploads\/2024\/07\/Photo-livre-cuisine-laure-kie-site.jpg 1772w\" sizes=\"(max-width: 800px) 100vw, 800px\" \/>\t\t\t\t\t\t\t\t\t\t\t\t\t\t\t<\/div>\n\t\t\t\t<\/div>\n\t\t\t\t<\/div>\n\t\t\t\t\t<\/div>\n\t\t\t\t<\/div>\n\t\t<div class=\"elementor-element elementor-element-f7d3745 e-flex e-con-boxed e-con e-parent\" data-id=\"f7d3745\" data-element_type=\"container\">\n\t\t\t\t\t<div class=\"e-con-inner\">\n\t\t\t\t<div class=\"elementor-element elementor-element-9a63b1f elementor-widget elementor-widget-spacer\" data-id=\"9a63b1f\" data-element_type=\"widget\" data-widget_type=\"spacer.default\">\n\t\t\t\t<div class=\"elementor-widget-container\">\n\t\t\t\t\t\t\t<div class=\"elementor-spacer\">\n\t\t\t<div class=\"elementor-spacer-inner\"><\/div>\n\t\t<\/div>\n\t\t\t\t\t\t<\/div>\n\t\t\t\t<\/div>\n\t\t\t\t\t<\/div>\n\t\t\t\t<\/div>\n\t\t<div class=\"elementor-element elementor-element-5fc50ee e-flex e-con-boxed e-con e-parent\" data-id=\"5fc50ee\" data-element_type=\"container\">\n\t\t\t\t\t<div class=\"e-con-inner\">\n\t\t\t\t<div class=\"elementor-element elementor-element-778e57e elementor-widget elementor-widget-heading\" data-id=\"778e57e\" data-element_type=\"widget\" data-widget_type=\"heading.default\">\n\t\t\t\t<div class=\"elementor-widget-container\">\n\t\t\t\t\t<h2 class=\"elementor-heading-title elementor-size-default\">JAPON GOURMAND<\/h2>\t\t\t\t<\/div>\n\t\t\t\t<\/div>\n\t\t\t\t<div class=\"elementor-element elementor-element-7f977ca elementor-widget__width-initial elementor-widget-tablet__width-inherit elementor-widget elementor-widget-heading\" data-id=\"7f977ca\" data-element_type=\"widget\" data-widget_type=\"heading.default\">\n\t\t\t\t<div class=\"elementor-widget-container\">\n\t\t\t\t\t<h2 class=\"elementor-heading-title elementor-size-default\">Laure Ki\u00e9<\/h2>\t\t\t\t<\/div>\n\t\t\t\t<\/div>\n\t\t\t\t\t<\/div>\n\t\t\t\t<\/div>\n\t\t<div class=\"elementor-element elementor-element-24819c5 e-flex e-con-boxed e-con e-parent\" data-id=\"24819c5\" data-element_type=\"container\">\n\t\t\t\t\t<div class=\"e-con-inner\">\n\t\t\t\t<div class=\"elementor-element elementor-element-820b504 elementor-widget elementor-widget-spacer\" data-id=\"820b504\" data-element_type=\"widget\" data-widget_type=\"spacer.default\">\n\t\t\t\t<div class=\"elementor-widget-container\">\n\t\t\t\t\t\t\t<div class=\"elementor-spacer\">\n\t\t\t<div class=\"elementor-spacer-inner\"><\/div>\n\t\t<\/div>\n\t\t\t\t\t\t<\/div>\n\t\t\t\t<\/div>\n\t\t\t\t\t<\/div>\n\t\t\t\t<\/div>\n\t\t<div class=\"elementor-element elementor-element-565aae0 e-flex e-con-boxed e-con e-parent\" data-id=\"565aae0\" data-element_type=\"container\">\n\t\t\t\t\t<div class=\"e-con-inner\">\n\t\t<div class=\"elementor-element elementor-element-f80a0a3 e-con-full e-flex e-con e-child\" data-id=\"f80a0a3\" data-element_type=\"container\">\n\t\t\t\t<div class=\"elementor-element elementor-element-2f3d4b0 elementor-widget elementor-widget-text-editor\" data-id=\"2f3d4b0\" data-element_type=\"widget\" data-widget_type=\"text-editor.default\">\n\t\t\t\t<div class=\"elementor-widget-container\">\n\t\t\t\t\t\t\t\t\t<p class=\"p1\">Apr\u00e8s avoir eu la chance de rencontrer Laure Ki\u00e9 en provence, Kosuke \u00e0 eu l\u2019honneur d\u2019\u00eatre pr\u00e9sent dans son magnifique livre de cuisine \u201cJapon Gourmand\u201d publi\u00e9 aux \u00e9ditions Mango.<\/p>\t\t\t\t\t\t\t\t<\/div>\n\t\t\t\t<\/div>\n\t\t\t\t<\/div>\n\t\t<div class=\"elementor-element elementor-element-4ecca13 e-con-full e-flex e-con e-child\" data-id=\"4ecca13\" data-element_type=\"container\">\n\t\t\t\t<div class=\"elementor-element elementor-element-8e3dcbd elementor-widget__width-initial elementor-widget elementor-widget-image\" data-id=\"8e3dcbd\" data-element_type=\"widget\" data-widget_type=\"image.default\">\n\t\t\t\t<div class=\"elementor-widget-container\">\n\t\t\t\t\t\t\t\t\t\t\t\t\t\t\t<img loading=\"lazy\" decoding=\"async\" width=\"2560\" height=\"1391\" src=\"https:\/\/atelier-chubo.com\/wp-content\/uploads\/2024\/07\/Photo-livre-cuisine-lacuisinedekoko-recadre-4-scaled.jpg\" class=\"attachment-full size-full wp-image-839\" alt=\"\" srcset=\"https:\/\/atelier-chubo.com\/wp-content\/uploads\/2024\/07\/Photo-livre-cuisine-lacuisinedekoko-recadre-4-scaled.jpg 2560w, https:\/\/atelier-chubo.com\/wp-content\/uploads\/2024\/07\/Photo-livre-cuisine-lacuisinedekoko-recadre-4-300x163.jpg 300w, https:\/\/atelier-chubo.com\/wp-content\/uploads\/2024\/07\/Photo-livre-cuisine-lacuisinedekoko-recadre-4-1024x556.jpg 1024w, https:\/\/atelier-chubo.com\/wp-content\/uploads\/2024\/07\/Photo-livre-cuisine-lacuisinedekoko-recadre-4-768x417.jpg 768w, https:\/\/atelier-chubo.com\/wp-content\/uploads\/2024\/07\/Photo-livre-cuisine-lacuisinedekoko-recadre-4-1536x835.jpg 1536w, https:\/\/atelier-chubo.com\/wp-content\/uploads\/2024\/07\/Photo-livre-cuisine-lacuisinedekoko-recadre-4-2048x1113.jpg 2048w\" sizes=\"(max-width: 2560px) 100vw, 2560px\" \/>\t\t\t\t\t\t\t\t\t\t\t\t\t\t\t<\/div>\n\t\t\t\t<\/div>\n\t\t\t\t<\/div>\n\t\t\t\t\t<\/div>\n\t\t\t\t<\/div>\n\t\t<div class=\"elementor-element elementor-element-19ccc4c e-flex e-con-boxed e-con e-parent\" data-id=\"19ccc4c\" data-element_type=\"container\">\n\t\t\t\t\t<div class=\"e-con-inner\">\n\t\t\t\t<div class=\"elementor-element elementor-element-d8fe5f5 elementor-widget elementor-widget-spacer\" data-id=\"d8fe5f5\" data-element_type=\"widget\" data-widget_type=\"spacer.default\">\n\t\t\t\t<div class=\"elementor-widget-container\">\n\t\t\t\t\t\t\t<div class=\"elementor-spacer\">\n\t\t\t<div class=\"elementor-spacer-inner\"><\/div>\n\t\t<\/div>\n\t\t\t\t\t\t<\/div>\n\t\t\t\t<\/div>\n\t\t\t\t\t<\/div>\n\t\t\t\t<\/div>\n\t\t<div class=\"elementor-element elementor-element-742ae91 e-flex e-con-boxed e-con e-parent\" data-id=\"742ae91\" data-element_type=\"container\">\n\t\t\t\t\t<div class=\"e-con-inner\">\n\t\t\t\t<div class=\"elementor-element elementor-element-bd1dfc0 elementor-widget elementor-widget-heading\" data-id=\"bd1dfc0\" data-element_type=\"widget\" data-widget_type=\"heading.default\">\n\t\t\t\t<div class=\"elementor-widget-container\">\n\t\t\t\t\t<h2 class=\"elementor-heading-title elementor-size-default\">TR\u00e8s Tr\u00e8s BON<\/h2>\t\t\t\t<\/div>\n\t\t\t\t<\/div>\n\t\t\t\t<div class=\"elementor-element elementor-element-22838dd elementor-widget__width-initial elementor-widget-tablet__width-inherit elementor-widget elementor-widget-heading\" data-id=\"22838dd\" data-element_type=\"widget\" data-widget_type=\"heading.default\">\n\t\t\t\t<div class=\"elementor-widget-container\">\n\t\t\t\t\t<h2 class=\"elementor-heading-title elementor-size-default\">Avec Fran\u00e7ois Regis Gaudry sur Paris Premi\u00e8re<\/h2>\t\t\t\t<\/div>\n\t\t\t\t<\/div>\n\t\t\t\t\t<\/div>\n\t\t\t\t<\/div>\n\t\t<div class=\"elementor-element elementor-element-bc1c2bc e-flex e-con-boxed e-con e-parent\" data-id=\"bc1c2bc\" data-element_type=\"container\">\n\t\t\t\t\t<div class=\"e-con-inner\">\n\t\t\t\t<div class=\"elementor-element elementor-element-10fd81f elementor-widget elementor-widget-spacer\" data-id=\"10fd81f\" data-element_type=\"widget\" data-widget_type=\"spacer.default\">\n\t\t\t\t<div class=\"elementor-widget-container\">\n\t\t\t\t\t\t\t<div class=\"elementor-spacer\">\n\t\t\t<div class=\"elementor-spacer-inner\"><\/div>\n\t\t<\/div>\n\t\t\t\t\t\t<\/div>\n\t\t\t\t<\/div>\n\t\t\t\t\t<\/div>\n\t\t\t\t<\/div>\n\t\t<div class=\"elementor-element elementor-element-7225bfe e-flex e-con-boxed e-con e-parent\" data-id=\"7225bfe\" data-element_type=\"container\">\n\t\t\t\t\t<div class=\"e-con-inner\">\n\t\t<div class=\"elementor-element elementor-element-ac8fcbd e-con-full e-flex e-con e-child\" data-id=\"ac8fcbd\" data-element_type=\"container\">\n\t\t\t\t<div class=\"elementor-element elementor-element-4c2bd12 elementor-widget__width-initial elementor-widget elementor-widget-image\" data-id=\"4c2bd12\" data-element_type=\"widget\" data-widget_type=\"image.default\">\n\t\t\t\t<div class=\"elementor-widget-container\">\n\t\t\t\t\t\t\t\t\t\t\t\t\t\t\t<img loading=\"lazy\" decoding=\"async\" width=\"1920\" height=\"1080\" src=\"https:\/\/atelier-chubo.com\/wp-content\/uploads\/2024\/07\/trestresbon_1.1.8.jpg\" class=\"attachment-full size-full wp-image-843\" alt=\"\" srcset=\"https:\/\/atelier-chubo.com\/wp-content\/uploads\/2024\/07\/trestresbon_1.1.8.jpg 1920w, https:\/\/atelier-chubo.com\/wp-content\/uploads\/2024\/07\/trestresbon_1.1.8-300x169.jpg 300w, https:\/\/atelier-chubo.com\/wp-content\/uploads\/2024\/07\/trestresbon_1.1.8-1024x576.jpg 1024w, https:\/\/atelier-chubo.com\/wp-content\/uploads\/2024\/07\/trestresbon_1.1.8-768x432.jpg 768w, https:\/\/atelier-chubo.com\/wp-content\/uploads\/2024\/07\/trestresbon_1.1.8-1536x864.jpg 1536w\" sizes=\"(max-width: 1920px) 100vw, 1920px\" \/>\t\t\t\t\t\t\t\t\t\t\t\t\t\t\t<\/div>\n\t\t\t\t<\/div>\n\t\t\t\t<\/div>\n\t\t<div class=\"elementor-element elementor-element-95b628e e-con-full e-flex e-con e-child\" data-id=\"95b628e\" data-element_type=\"container\">\n\t\t\t\t<div class=\"elementor-element elementor-element-4f18912 elementor-widget elementor-widget-text-editor\" data-id=\"4f18912\" data-element_type=\"widget\" data-widget_type=\"text-editor.default\">\n\t\t\t\t<div class=\"elementor-widget-container\">\n\t\t\t\t\t\t\t\t\t<p class=\"p1\">Kosuke \u00e0 eu le plaisir de cuisiner pour Fran\u00e7ois R\u00e9gis Gaudry et ses invit\u00e9s, dans le cadre de l&#8217;\u00e9mission Tr\u00e8s Tr\u00e8s Bon sur Paris Premi\u00e8re.<\/p>\t\t\t\t\t\t\t\t<\/div>\n\t\t\t\t<\/div>\n\t\t\t\t<\/div>\n\t\t\t\t\t<\/div>\n\t\t\t\t<\/div>\n\t\t<div class=\"elementor-element elementor-element-d304ca5 e-flex e-con-boxed e-con e-parent\" data-id=\"d304ca5\" data-element_type=\"container\">\n\t\t\t\t\t<div class=\"e-con-inner\">\n\t\t<div class=\"elementor-element elementor-element-23c9646 e-con-full e-flex e-con e-child\" data-id=\"23c9646\" data-element_type=\"container\">\n\t\t\t\t<div class=\"elementor-element elementor-element-e56f5be elementor-widget__width-initial elementor-widget elementor-widget-image\" data-id=\"e56f5be\" data-element_type=\"widget\" data-widget_type=\"image.default\">\n\t\t\t\t<div class=\"elementor-widget-container\">\n\t\t\t\t\t\t\t\t\t\t\t\t\t\t\t<img loading=\"lazy\" decoding=\"async\" width=\"1920\" height=\"1080\" src=\"https:\/\/atelier-chubo.com\/wp-content\/uploads\/2024\/07\/trestresbon_1.1.5.jpg\" class=\"attachment-full size-full wp-image-850\" alt=\"\" srcset=\"https:\/\/atelier-chubo.com\/wp-content\/uploads\/2024\/07\/trestresbon_1.1.5.jpg 1920w, https:\/\/atelier-chubo.com\/wp-content\/uploads\/2024\/07\/trestresbon_1.1.5-300x169.jpg 300w, https:\/\/atelier-chubo.com\/wp-content\/uploads\/2024\/07\/trestresbon_1.1.5-1024x576.jpg 1024w, https:\/\/atelier-chubo.com\/wp-content\/uploads\/2024\/07\/trestresbon_1.1.5-768x432.jpg 768w, https:\/\/atelier-chubo.com\/wp-content\/uploads\/2024\/07\/trestresbon_1.1.5-1536x864.jpg 1536w\" sizes=\"(max-width: 1920px) 100vw, 1920px\" \/>\t\t\t\t\t\t\t\t\t\t\t\t\t\t\t<\/div>\n\t\t\t\t<\/div>\n\t\t\t\t<\/div>\n\t\t\t\t\t<\/div>\n\t\t\t\t<\/div>\n\t\t<div class=\"elementor-element elementor-element-bd47fd7 e-flex e-con-boxed e-con e-parent\" data-id=\"bd47fd7\" data-element_type=\"container\">\n\t\t\t\t\t<div class=\"e-con-inner\">\n\t\t<div class=\"elementor-element elementor-element-5192789 e-con-full e-flex e-con e-child\" data-id=\"5192789\" data-element_type=\"container\">\n\t\t\t\t<div class=\"elementor-element elementor-element-5c0f676 elementor-widget__width-initial elementor-widget elementor-widget-image\" data-id=\"5c0f676\" data-element_type=\"widget\" data-widget_type=\"image.default\">\n\t\t\t\t<div class=\"elementor-widget-container\">\n\t\t\t\t\t\t\t\t\t\t\t\t\t\t\t<img loading=\"lazy\" decoding=\"async\" width=\"1920\" height=\"1080\" src=\"https:\/\/atelier-chubo.com\/wp-content\/uploads\/2024\/07\/trestresbon_1.1.6.jpg\" class=\"attachment-full size-full wp-image-852\" alt=\"\" srcset=\"https:\/\/atelier-chubo.com\/wp-content\/uploads\/2024\/07\/trestresbon_1.1.6.jpg 1920w, https:\/\/atelier-chubo.com\/wp-content\/uploads\/2024\/07\/trestresbon_1.1.6-300x169.jpg 300w, https:\/\/atelier-chubo.com\/wp-content\/uploads\/2024\/07\/trestresbon_1.1.6-1024x576.jpg 1024w, https:\/\/atelier-chubo.com\/wp-content\/uploads\/2024\/07\/trestresbon_1.1.6-768x432.jpg 768w, https:\/\/atelier-chubo.com\/wp-content\/uploads\/2024\/07\/trestresbon_1.1.6-1536x864.jpg 1536w\" sizes=\"(max-width: 1920px) 100vw, 1920px\" \/>\t\t\t\t\t\t\t\t\t\t\t\t\t\t\t<\/div>\n\t\t\t\t<\/div>\n\t\t\t\t<\/div>\n\t\t\t\t\t<\/div>\n\t\t\t\t<\/div>\n\t\t<div class=\"elementor-element elementor-element-8657f4e e-flex e-con-boxed e-con e-parent\" data-id=\"8657f4e\" data-element_type=\"container\">\n\t\t\t\t\t<div class=\"e-con-inner\">\n\t\t\t\t<div class=\"elementor-element elementor-element-b7d12ab elementor-widget elementor-widget-spacer\" data-id=\"b7d12ab\" data-element_type=\"widget\" data-widget_type=\"spacer.default\">\n\t\t\t\t<div class=\"elementor-widget-container\">\n\t\t\t\t\t\t\t<div class=\"elementor-spacer\">\n\t\t\t<div class=\"elementor-spacer-inner\"><\/div>\n\t\t<\/div>\n\t\t\t\t\t\t<\/div>\n\t\t\t\t<\/div>\n\t\t\t\t\t<\/div>\n\t\t\t\t<\/div>\n\t\t\t\t<\/div>\n\t\t","protected":false},"excerpt":{"rendered":"<p>\u00e0 PROPOS ATELIER CH\u016aB\u014c, C&#8217;EST AUSSI L&#8217;HISTOIRE D&#8217;UN CHEF Kosuke KATAGI Kosuke KATAGI, le chef et cr\u00e9ateur d\u2019Atelier Ch\u016bb\u014d, est un passionn\u00e9 de cuisine depuis son enfance. Apr\u00e8s avoir suivi des \u00e9tudes de design produit, il d\u00e9cide de se consacrer \u00e0 la cuisine. Riche de son exp\u00e9rience en tant que designer, cela lui permet de [&hellip;]<\/p>\n","protected":false},"author":1,"featured_media":0,"parent":8,"menu_order":0,"comment_status":"closed","ping_status":"closed","template":"elementor_header_footer","meta":{"footnotes":""},"class_list":["post-813","page","type-page","status-publish","hentry"],"_links":{"self":[{"href":"https:\/\/atelier-chubo.com\/index.php\/wp-json\/wp\/v2\/pages\/813","targetHints":{"allow":["GET"]}}],"collection":[{"href":"https:\/\/atelier-chubo.com\/index.php\/wp-json\/wp\/v2\/pages"}],"about":[{"href":"https:\/\/atelier-chubo.com\/index.php\/wp-json\/wp\/v2\/types\/page"}],"author":[{"embeddable":true,"href":"https:\/\/atelier-chubo.com\/index.php\/wp-json\/wp\/v2\/users\/1"}],"replies":[{"embeddable":true,"href":"https:\/\/atelier-chubo.com\/index.php\/wp-json\/wp\/v2\/comments?post=813"}],"version-history":[{"count":35,"href":"https:\/\/atelier-chubo.com\/index.php\/wp-json\/wp\/v2\/pages\/813\/revisions"}],"predecessor-version":[{"id":1001,"href":"https:\/\/atelier-chubo.com\/index.php\/wp-json\/wp\/v2\/pages\/813\/revisions\/1001"}],"up":[{"embeddable":true,"href":"https:\/\/atelier-chubo.com\/index.php\/wp-json\/wp\/v2\/pages\/8"}],"wp:attachment":[{"href":"https:\/\/atelier-chubo.com\/index.php\/wp-json\/wp\/v2\/media?parent=813"}],"curies":[{"name":"wp","href":"https:\/\/api.w.org\/{rel}","templated":true}]}}